{"id":192,"date":"2026-03-14T13:25:12","date_gmt":"2026-03-14T06:25:12","guid":{"rendered":"https:\/\/research-methods.org\/?page_id=192"},"modified":"2026-03-14T16:59:21","modified_gmt":"2026-03-14T09:59:21","slug":"data-analysis-and-representation","status":"publish","type":"page","link":"https:\/\/research-methods.org\/vi\/qualitative-research\/data-analysis-and-representation\/","title":{"rendered":"Ph\u00e2n t\u00edch v\u00e0 tr\u00ecnh b\u00e0y d\u1eef li\u1ec7u"},"content":{"rendered":"","protected":false},"excerpt":{"rendered":"","protected":false},"author":19126652,"featured_media":0,"parent":94,"menu_order":8,"comment_status":"open","ping_status":"closed","template":"","meta":{"_crdt_document":"","advanced_seo_description":"","jetpack_seo_html_title":"","jetpack_seo_noindex":false,"footnotes":""},"class_list":["post-192","page","type-page","status-publish","hentry"],"jetpack_likes_enabled":true,"jetpack_sharing_enabled":true,"jetpack_shortlink":"https:\/\/wp.me\/Ph96AA-36","jetpack-related-posts":[],"_links":{"self":[{"href":"https:\/\/research-methods.org\/vi\/wp-json\/wp\/v2\/pages\/192","targetHints":{"allow":["GET"]}}],"collection":[{"href":"https:\/\/research-methods.org\/vi\/wp-json\/wp\/v2\/pages"}],"about":[{"href":"https:\/\/research-methods.org\/vi\/wp-json\/wp\/v2\/types\/page"}],"author":[{"embeddable":true,"href":"https:\/\/research-methods.org\/vi\/wp-json\/wp\/v2\/users\/19126652"}],"replies":[{"embeddable":true,"href":"https:\/\/research-methods.org\/vi\/wp-json\/wp\/v2\/comments?post=192"}],"version-history":[{"count":1,"href":"https:\/\/research-methods.org\/vi\/wp-json\/wp\/v2\/pages\/192\/revisions"}],"predecessor-version":[{"id":193,"href":"https:\/\/research-methods.org\/vi\/wp-json\/wp\/v2\/pages\/192\/revisions\/193"}],"up":[{"embeddable":true,"href":"https:\/\/research-methods.org\/vi\/wp-json\/wp\/v2\/pages\/94"}],"wp:attachment":[{"href":"https:\/\/research-methods.org\/vi\/wp-json\/wp\/v2\/media?parent=192"}],"curies":[{"name":"wp","href":"https:\/\/api.w.org\/{rel}","templated":true}]}}